{"id":27,"date":"2013-10-04T20:59:22","date_gmt":"2013-10-04T18:59:22","guid":{"rendered":"http:\/\/montage-allgaeu.de\/?page_id=27"},"modified":"2025-11-22T21:24:45","modified_gmt":"2025-11-22T19:24:45","slug":"impressum","status":"publish","type":"page","link":"http:\/\/montage-allgaeu.de\/?page_id=27","title":{"rendered":"Impressum"},"content":{"rendered":"\n<p>Sebastian T\u00fcrk<br>Montage Team Allg\u00e4u<br>Pv Monteur. Ihk<br>Ortsstra\u00dfe 3<br>87452 Altusried<\/p>\n\n\n\n<h2 class=\"wp-block-heading\">Kontakt<\/h2>\n\n\n\n<p>Telefon: 017667682728<br>E-Mail: &#115;&#x65;&#x62;a&#115;&#x74;i&#97;&#x6e;&#x5f;&#116;&#x75;&#x65;r&#107;&#x40;w&#101;&#x62;&#x2e;&#100;&#x65;<\/p>\n\n\n\n<h2 class=\"wp-block-heading\">Umsatzsteuer-ID<\/h2>\n\n\n\n<p>Umsatzsteuer-Identifikationsnummer gem\u00e4\u00df \u00a7 27 a Umsatzsteuergesetz:<br>72 945 361 841<\/p>\n\n\n\n<h2 class=\"wp-block-heading\">Angaben zur Berufs\u00adhaftpflicht\u00adversicherung<\/h2>\n\n\n\n<p><strong>Name und Sitz des Versicherers:<\/strong><br>Gothaer Allgemeine Versicherung AG<br>Gothaer Allee 1<br>50969 K\u00f6ln<\/p>\n\n\n\n<p><strong>Geltungsraum der Versicherung:<\/strong><br>Deutschland<\/p>\n\n\n\n<p><\/p>\n\n\n<p style=\"text-align: center;\"><span style=\"color: #ffffff;\"><strong>Montageteam-Allg\u00e4u<\/strong><\/span><br \/><span style=\"color: #ffffff;\"><strong><a style=\"color: #ffffff;\" href=\"http:\/\/montage-allgaeu.de\/wp-content\/uploads\/2013\/10\/Logo-51.jpg\" rel=\"lightbox-0\"><img loading=\"lazy\" decoding=\"async\" class=\"alignleft\" src=\"http:\/\/montage-allgaeu.de\/wp-content\/uploads\/2013\/10\/Logo-51.jpg\" alt=\"Logo 5\" width=\"340\" height=\"396\" \/><\/a><\/strong><\/span><\/p>\n<p style=\"padding-left: 90px; text-align: right;\"><span style=\"color: #ffffff;\">\u00a0\u00a0\u00a0 Sebastian T\u00fcrk<\/span><\/p>\n<p style=\"padding-left: 90px; text-align: right;\"><span style=\"color: #ffffff;\">\u00a0\u00a0\u00a0\u00a0 Ortsstra\u00dfe 3<\/span><br \/><span style=\"color: #ffffff;\">87452 Altusried<\/span><\/p>\n<p style=\"padding-left: 90px; text-align: right;\"><span style=\"color: #ffffff;\">\u00a0 \u00a0 \u00a0 \u00a0 \u00a0 Telefon:\u00a0 0176\/67682728<\/span><br \/><span style=\"color: #ffffff;\">s&#101;&#98;&#x61;&#x73;&#x74;ia&#110;&#95;&#x74;&#x75;&#x65;r&#107;&#64;&#119;&#x65;&#x62;&#x2e;d&#101;<\/span><\/p>\n<p style=\"text-align: right;\"><span style=\"color: #ffffff;\">Steuernummer<\/span><br \/><span style=\"color: #ffffff;\">127 \/ 281 \/ 80364<\/span><\/p>\n<p style=\"padding-left: 90px; text-align: right;\"><span style=\"color: #ffffff;\">Ust: Id72 945 361 841<\/span><\/p>\n<p style=\"padding-left: 90px; text-align: right;\"><span style=\"color: #ffffff;\">\u00a0 \u00a0 \u00a0 \u00a0 \u00a0 \u00a0 \u00a0 \u00a0 \u00a0 \u00a0 \u00a0 \u00a0 \u00a0 \u00a0 \u00a0 \u00a0 \u00a0 \u00a0 \u00a0 \u00a0 \u00a0 \u00a0 \u00a0 \u00a0 \u00a0 \u00a0 \u00a0 \u00a0 \u00a0 \u00a0 \u00a0Amtsgericht Kempten (Allg\u00e4u)<\/span><\/p>","protected":false},"excerpt":{"rendered":"<p>Sebastian T\u00fcrkMontage Team Allg\u00e4uPv Monteur. IhkOrtsstra\u00dfe 387452 Altusried Kontakt Telefon: 017667682728E-Mail: s&#101;&#98;&#x61;&#x73;ti&#97;&#110;&#x5f;&#x74;ue&#114;&#107;&#x40;&#x77;eb&#46;&#x64;&#x65; Umsatzsteuer-ID Umsatzsteuer-Identifikationsnummer gem\u00e4\u00df \u00a7 27 a Umsatzsteuergesetz:72 945 361 841 Angaben zur Berufs\u00adhaftpflicht\u00adversicherung Name und Sitz des Versicherers:Gothaer <a class=\"more-link\" href=\"http:\/\/montage-allgaeu.de\/?page_id=27\">Weiterlesen \u2192<\/a><\/p>\n","protected":false},"author":1,"featured_media":0,"parent":0,"menu_order":0,"comment_status":"closed","ping_status":"closed","template":"","meta":{"footnotes":""},"class_list":["post-27","page","type-page","status-publish","hentry"],"_links":{"self":[{"href":"http:\/\/montage-allgaeu.de\/index.php?rest_route=\/wp\/v2\/pages\/27","targetHints":{"allow":["GET"]}}],"collection":[{"href":"http:\/\/montage-allgaeu.de\/index.php?rest_route=\/wp\/v2\/pages"}],"about":[{"href":"http:\/\/montage-allgaeu.de\/index.php?rest_route=\/wp\/v2\/types\/page"}],"author":[{"embeddable":true,"href":"http:\/\/montage-allgaeu.de\/index.php?rest_route=\/wp\/v2\/users\/1"}],"replies":[{"embeddable":true,"href":"http:\/\/montage-allgaeu.de\/index.php?rest_route=%2Fwp%2Fv2%2Fcomments&post=27"}],"version-history":[{"count":30,"href":"http:\/\/montage-allgaeu.de\/index.php?rest_route=\/wp\/v2\/pages\/27\/revisions"}],"predecessor-version":[{"id":395,"href":"http:\/\/montage-allgaeu.de\/index.php?rest_route=\/wp\/v2\/pages\/27\/revisions\/395"}],"wp:attachment":[{"href":"http:\/\/montage-allgaeu.de\/index.php?rest_route=%2Fwp%2Fv2%2Fmedia&parent=27"}],"curies":[{"name":"wp","href":"https:\/\/api.w.org\/{rel}","templated":true}]}}