{"id":5,"date":"2013-10-04T20:56:02","date_gmt":"2013-10-04T18:56:02","guid":{"rendered":"http:\/\/montage-allgaeu.de\/?page_id=5"},"modified":"2015-06-10T16:19:34","modified_gmt":"2015-06-10T14:19:34","slug":"leistungen","status":"publish","type":"page","link":"http:\/\/montage-allgaeu.de\/?page_id=5","title":{"rendered":"Leistungen"},"content":{"rendered":"<h3 style=\"padding-left: 30px;\">\u00a0&#8211; Montage von Photovoltaikanlagen und Fertigbauteilen<\/h3>\n<h3 style=\"padding-left: 30px;\">\u00a0&#8211; Maderschutz<\/h3>\n<h3 style=\"padding-left: 30px;\">\u00a0&#8211; Montage verschiedener Schneefangsysteme und Eiskratzer<\/h3>\n<h3 style=\"padding-left: 30px;\">&#8211; Optimierung von PV Anlagen<\/h3>\n<h3 style=\"padding-left: 30px;\">&#8211; L\u00fcckenf\u00fcller bei Krankheit oder Urlaub<\/h3>\n<p><a href=\"http:\/\/montage-allgaeu.de\/wp-content\/uploads\/2013\/10\/Leistungen.jpg\" rel=\"lightbox-0\"><img loading=\"lazy\" decoding=\"async\" class=\"size-full wp-image-172\" src=\"http:\/\/montage-allgaeu.de\/wp-content\/uploads\/2013\/10\/Leistungen.jpg\" alt=\"Leistungen\" width=\"4000\" height=\"3000\" srcset=\"http:\/\/montage-allgaeu.de\/wp-content\/uploads\/2013\/10\/Leistungen.jpg 4000w, http:\/\/montage-allgaeu.de\/wp-content\/uploads\/2013\/10\/Leistungen-300x225.jpg 300w, http:\/\/montage-allgaeu.de\/wp-content\/uploads\/2013\/10\/Leistungen-1024x768.jpg 1024w\" sizes=\"auto, (max-width: 4000px) 100vw, 4000px\" \/><\/a><\/p>\n<p>&nbsp;<\/p>\n<h4>Sie brauchen dringend ein paar helfende H\u00e4nde in Sachen Montage, weil unerwartet Mitarbeiter ausgefallen sind. Oder Sie haben im Moment Zeitdruck wegen Arbeits\u00fcberschu\u00df. In diesem Fall k\u00f6nnte das Montageteam Allg\u00e4u die L\u00fccke durch selbstst\u00e4ndige und engagierte Arbeitsweise schlie\u00dfen.<\/h4>\n<p>&nbsp;<\/p>\n","protected":false},"excerpt":{"rendered":"<p>\u00a0&#8211; Montage von Photovoltaikanlagen und Fertigbauteilen \u00a0&#8211; Maderschutz \u00a0&#8211; Montage verschiedener Schneefangsysteme und Eiskratzer &#8211; Optimierung von PV Anlagen &#8211; L\u00fcckenf\u00fcller bei Krankheit oder Urlaub &nbsp; Sie brauchen dringend ein <a class=\"more-link\" href=\"http:\/\/montage-allgaeu.de\/?page_id=5\">Weiterlesen \u2192<\/a><\/p>\n","protected":false},"author":1,"featured_media":144,"parent":0,"menu_order":0,"comment_status":"closed","ping_status":"closed","template":"","meta":{"footnotes":""},"class_list":["post-5","page","type-page","status-publish","has-post-thumbnail","hentry"],"_links":{"self":[{"href":"http:\/\/montage-allgaeu.de\/index.php?rest_route=\/wp\/v2\/pages\/5","targetHints":{"allow":["GET"]}}],"collection":[{"href":"http:\/\/montage-allgaeu.de\/index.php?rest_route=\/wp\/v2\/pages"}],"about":[{"href":"http:\/\/montage-allgaeu.de\/index.php?rest_route=\/wp\/v2\/types\/page"}],"author":[{"embeddable":true,"href":"http:\/\/montage-allgaeu.de\/index.php?rest_route=\/wp\/v2\/users\/1"}],"replies":[{"embeddable":true,"href":"http:\/\/montage-allgaeu.de\/index.php?rest_route=%2Fwp%2Fv2%2Fcomments&post=5"}],"version-history":[{"count":14,"href":"http:\/\/montage-allgaeu.de\/index.php?rest_route=\/wp\/v2\/pages\/5\/revisions"}],"predecessor-version":[{"id":166,"href":"http:\/\/montage-allgaeu.de\/index.php?rest_route=\/wp\/v2\/pages\/5\/revisions\/166"}],"wp:featuredmedia":[{"embeddable":true,"href":"http:\/\/montage-allgaeu.de\/index.php?rest_route=\/wp\/v2\/media\/144"}],"wp:attachment":[{"href":"http:\/\/montage-allgaeu.de\/index.php?rest_route=%2Fwp%2Fv2%2Fmedia&parent=5"}],"curies":[{"name":"wp","href":"https:\/\/api.w.org\/{rel}","templated":true}]}}